{"id":40,"date":"2022-12-15T00:10:44","date_gmt":"2022-12-15T00:10:44","guid":{"rendered":"https:\/\/demo.artureanec.com\/themes\/agencium\/?page_id=40"},"modified":"2025-03-29T13:00:57","modified_gmt":"2025-03-29T12:00:57","slug":"kapcsolat","status":"publish","type":"page","link":"https:\/\/bbmedia.hu\/en\/kapcsolat\/","title":{"rendered":"Contact"},"content":{"rendered":"<div data-elementor-type=\"wp-page\" data-elementor-id=\"40\" class=\"elementor elementor-40\" data-elementor-post-type=\"page\">\n\t\t\t\t\t\t<section class=\"elementor-section elementor-top-section elementor-element elementor-element-89cb534 elementor-section-boxed elementor-section-height-default elementor-section-height-default\" data-id=\"89cb534\" data-element_type=\"section\">\n\t\t\t\t\t\t<div class=\"elementor-container elementor-column-gap-default\">\n\t\t\t\t\t<div class=\"elementor-column elementor-col-33 elementor-top-column elementor-element elementor-element-763f931\" data-id=\"763f931\" data-element_type=\"column\">\n\t\t\t<div class=\"elementor-widget-wrap elementor-element-populated\">\n\t\t\t\t\t\t<div class=\"elementor-element elementor-element-6a4abef elementor-widget elementor-widget-heading\" data-id=\"6a4abef\" data-element_type=\"widget\" data-widget_type=\"heading.default\">\n\t\t\t\t<div class=\"elementor-widget-container\">\n\t\t\t\t\t<h2 class=\"elementor-heading-title elementor-size-default\">A siker <em> itt<\/em> kezd\u0151dik<\/h2>\t\t\t\t<\/div>\n\t\t\t\t<\/div>\n\t\t\t\t<div class=\"elementor-element elementor-element-e48d691 elementor-widget elementor-widget-text-editor\" data-id=\"e48d691\" data-element_type=\"widget\" data-widget_type=\"text-editor.default\">\n\t\t\t\t<div class=\"elementor-widget-container\">\n\t\t\t\t\t\t\t\t\t<p>K\u00e9rj\u00fck, haszn\u00e1ld kapcsolati \u0171rlapunkat a v\u00e1llalkoz\u00e1sod r\u00f6vid bemutat\u00e1s\u00e1ra, \u00e9s mondd el miben seg\u00edthet\u00fcnk.<\/p><p>Koll\u00e9g\u00e1nk hamarosan felveszi Veled a kapcsolatot.<\/p>\t\t\t\t\t\t\t\t<\/div>\n\t\t\t\t<\/div>\n\t\t\t\t<section class=\"elementor-section elementor-inner-section elementor-element elementor-element-58d2e32 elementor-section-boxed elementor-section-height-default elementor-section-height-default\" data-id=\"58d2e32\" data-element_type=\"section\">\n\t\t\t\t\t\t<div class=\"elementor-container elementor-column-gap-default\">\n\t\t\t\t\t<div class=\"elementor-column elementor-col-100 elementor-inner-column elementor-element elementor-element-78546b0\" data-id=\"78546b0\" data-element_type=\"column\">\n\t\t\t<div class=\"elementor-widget-wrap elementor-element-populated\">\n\t\t\t\t\t\t<div class=\"elementor-element elementor-element-75b7b99 elementor-widget elementor-widget-text-editor\" data-id=\"75b7b99\" data-element_type=\"widget\" data-widget_type=\"text-editor.default\">\n\t\t\t\t<div class=\"elementor-widget-container\">\n\t\t\t\t\t\t\t\t\t<h6>bbmedia s.r.o.<\/h6>\t\t\t\t\t\t\t\t<\/div>\n\t\t\t\t<\/div>\n\t\t\t\t<div class=\"elementor-element elementor-element-c0a70e3 elementor-widget elementor-widget-text-editor\" data-id=\"c0a70e3\" data-element_type=\"widget\" data-widget_type=\"text-editor.default\">\n\t\t\t\t<div class=\"elementor-widget-container\">\n\t\t\t\t\t\t\t\t\t<p>943 01 \u0160t\u00farovo, Slovakia<br \/>Sv. \u0160tefana 1\/B<\/p>\t\t\t\t\t\t\t\t<\/div>\n\t\t\t\t<\/div>\n\t\t\t\t\t<\/div>\n\t\t<\/div>\n\t\t\t\t\t<\/div>\n\t\t<\/section>\n\t\t\t\t<section class=\"elementor-section elementor-inner-section elementor-element elementor-element-644574e elementor-section-boxed elementor-section-height-default elementor-section-height-default\" data-id=\"644574e\" data-element_type=\"section\">\n\t\t\t\t\t\t<div class=\"elementor-container elementor-column-gap-default\">\n\t\t\t\t\t<div class=\"elementor-column elementor-col-50 elementor-inner-column elementor-element elementor-element-e778863\" data-id=\"e778863\" data-element_type=\"column\">\n\t\t\t<div class=\"elementor-widget-wrap elementor-element-populated\">\n\t\t\t\t\t\t<div class=\"elementor-element elementor-element-6330172 elementor-widget elementor-widget-text-editor\" data-id=\"6330172\" data-element_type=\"widget\" data-widget_type=\"text-editor.default\">\n\t\t\t\t<div class=\"elementor-widget-container\">\n\t\t\t\t\t\t\t\t\t<h6>Phone<\/h6>\t\t\t\t\t\t\t\t<\/div>\n\t\t\t\t<\/div>\n\t\t\t\t<div class=\"elementor-element elementor-element-7412891 elementor-widget elementor-widget-text-editor\" data-id=\"7412891\" data-element_type=\"widget\" data-widget_type=\"text-editor.default\">\n\t\t\t\t<div class=\"elementor-widget-container\">\n\t\t\t\t\t\t\t\t\t<p><a href=\"tel:+36302984800\">+36 30 298 4800<\/a><\/p>\t\t\t\t\t\t\t\t<\/div>\n\t\t\t\t<\/div>\n\t\t\t\t\t<\/div>\n\t\t<\/div>\n\t\t\t\t<div class=\"elementor-column elementor-col-50 elementor-inner-column elementor-element elementor-element-dac80ce\" data-id=\"dac80ce\" data-element_type=\"column\">\n\t\t\t<div class=\"elementor-widget-wrap elementor-element-populated\">\n\t\t\t\t\t\t<div class=\"elementor-element elementor-element-4fc5a05 elementor-widget elementor-widget-text-editor\" data-id=\"4fc5a05\" data-element_type=\"widget\" data-widget_type=\"text-editor.default\">\n\t\t\t\t<div class=\"elementor-widget-container\">\n\t\t\t\t\t\t\t\t\t<h6>Email<\/h6>\t\t\t\t\t\t\t\t<\/div>\n\t\t\t\t<\/div>\n\t\t\t\t<div class=\"elementor-element elementor-element-9c33cdb elementor-widget elementor-widget-text-editor\" data-id=\"9c33cdb\" data-element_type=\"widget\" data-widget_type=\"text-editor.default\">\n\t\t\t\t<div class=\"elementor-widget-container\">\n\t\t\t\t\t\t\t\t\t<p><a href=\"mailto:info@bbmedia.hu\">info@bbmedia.hu<\/a><\/p>\t\t\t\t\t\t\t\t<\/div>\n\t\t\t\t<\/div>\n\t\t\t\t\t<\/div>\n\t\t<\/div>\n\t\t\t\t\t<\/div>\n\t\t<\/section>\n\t\t\t\t\t<\/div>\n\t\t<\/div>\n\t\t\t\t<div class=\"elementor-column elementor-col-33 elementor-top-column elementor-element elementor-element-a3db4e8 elementor-hidden-tablet_extra elementor-hidden-tablet elementor-hidden-mobile_extra elementor-hidden-mobile\" data-id=\"a3db4e8\" data-element_type=\"column\">\n\t\t\t<div class=\"elementor-widget-wrap\">\n\t\t\t\t\t\t\t<\/div>\n\t\t<\/div>\n\t\t\t\t<div class=\"elementor-column elementor-col-33 elementor-top-column elementor-element elementor-element-8c89d1d\" data-id=\"8c89d1d\" data-element_type=\"column\">\n\t\t\t<div class=\"elementor-widget-wrap elementor-element-populated\">\n\t\t\t\t\t\t<div class=\"elementor-element elementor-element-2d94dc7 elementor-widget elementor-widget-agencium_wpforms\" data-id=\"2d94dc7\" data-element_type=\"widget\" data-widget_type=\"agencium_wpforms.default\">\n\t\t\t\t<div class=\"elementor-widget-container\">\n\t\t\t\t\t        <div class=\"agencium-wpforms-widget\">\n            <h5 class=\"wpforms-widget-heading agencium-heading\"><span class=\"agencium-heading-content\">\u00dczenet k\u00fcld\u00e9se<\/span><\/h5><div class=\"wpforms-container wpforms-render-modern\" id=\"wpforms-6022\"><form id=\"wpforms-form-6022\" class=\"wpforms-validate wpforms-form wpforms-ajax-form\" data-formid=\"6022\" method=\"post\" enctype=\"multipart\/form-data\" action=\"\/en\/wp-json\/wp\/v2\/pages\/40\" data-token=\"85c36520265c9303bbc7f506ca45d4ed\" data-token-time=\"1777716956\" data-trp-original-action=\"\/en\/wp-json\/wp\/v2\/pages\/40\"><noscript class=\"wpforms-error-noscript\">Please enable JavaScript in your browser to complete this form.<\/noscript><div id=\"wpforms-error-noscript\" style=\"display: none;\">Please enable JavaScript in your browser to complete this form.<\/div><div class=\"wpforms-field-container\"><div id=\"wpforms-6022-field_1-container\" class=\"wpforms-field wpforms-field-name\" data-field-id=\"1\"><div class=\"wpforms-field-wrapper agencium-form-field\"><label class=\"wpforms-field-label\" for=\"wpforms-6022-field_1\">Name <span class=\"wpforms-required-label\" aria-hidden=\"true\">*<\/span><\/label><input type=\"text\" id=\"wpforms-6022-field_1\" class=\"wpforms-field-large wpforms-field-required\" name=\"wpforms[fields][1]\" aria-errormessage=\"wpforms-6022-field_1-error\" required><\/div><\/div><div id=\"wpforms-6022-field_10-container\" class=\"wpforms-field wpforms-field-name\" data-field-id=\"10\"><div class=\"wpforms-field-wrapper agencium-form-field\"><label class=\"wpforms-field-label\" for=\"wpforms-6022-field_10\">C\u00e9gn\u00e9v <span class=\"wpforms-required-label\" aria-hidden=\"true\">*<\/span><\/label><input type=\"text\" id=\"wpforms-6022-field_10\" class=\"wpforms-field-large wpforms-field-required\" name=\"wpforms[fields][10]\" aria-errormessage=\"wpforms-6022-field_10-error\" required><\/div><\/div><div id=\"wpforms-6022-field_3-container\" class=\"wpforms-field wpforms-field-text\" data-field-id=\"3\"><div class=\"wpforms-field-wrapper agencium-form-field\"><label class=\"wpforms-field-label\" for=\"wpforms-6022-field_3\">Telefonsz\u00e1m <span class=\"wpforms-required-label\" aria-hidden=\"true\">*<\/span><\/label><input type=\"text\" id=\"wpforms-6022-field_3\" class=\"wpforms-field-large wpforms-field-required\" name=\"wpforms[fields][3]\" aria-errormessage=\"wpforms-6022-field_3-error\" required><\/div><\/div><div id=\"wpforms-6022-field_2-container\" class=\"wpforms-field wpforms-field-email\" data-field-id=\"2\"><div class=\"wpforms-field-wrapper agencium-form-field\"><label class=\"wpforms-field-label\" for=\"wpforms-6022-field_2\">Email Address <span class=\"wpforms-required-label\" aria-hidden=\"true\">*<\/span><\/label><input type=\"email\" id=\"wpforms-6022-field_2\" class=\"wpforms-field-large wpforms-field-required\" name=\"wpforms[fields][2]\" spellcheck=\"false\" aria-errormessage=\"wpforms-6022-field_2-error\" required><\/div><\/div><div id=\"wpforms-6022-field_4-container\" class=\"wpforms-field wpforms-field-textarea\" data-field-id=\"4\"><div class=\"wpforms-field-wrapper agencium-form-field\"><label class=\"wpforms-field-label\" for=\"wpforms-6022-field_4\">\u00dczenet <span class=\"wpforms-required-label\" aria-hidden=\"true\">*<\/span><\/label><textarea id=\"wpforms-6022-field_4\" class=\"wpforms-field-medium wpforms-field-required\" name=\"wpforms[fields][4]\" aria-errormessage=\"wpforms-6022-field_4-error\" required><\/textarea><\/div><\/div><\/div><!-- .wpforms-field-container --><div class=\"wpforms-submit-container\" ><input type=\"hidden\" name=\"wpforms[id]\" value=\"6022\"><input type=\"hidden\" name=\"page_title\" value=\"\"><input type=\"hidden\" name=\"page_url\" value=\"https:\/\/bbmedia.hu\/en\/wp-json\/wp\/v2\/pages\/40\"><input type=\"hidden\" name=\"url_referer\" value=\"\"><button type=\"submit\" name=\"wpforms[submit]\" id=\"wpforms-submit-6022\" class=\"wpforms-submit agencium-alter-button\" data-alt-text=\"K\u00fcld\u00e9s...\" data-submit-text=\"\u00dczenet k\u00fcld\u00e9se\" aria-live=\"assertive\" value=\"wpforms-submit\">\u00dczenet k\u00fcld\u00e9se<svg viewbox=\"0 0 13 20\"><polyline points=\"0.5 19.5 3 19.5 12.5 10 3 0.5\"><\/polyline><\/svg><\/button><\/button><img decoding=\"async\" src=\"https:\/\/bbmedia.hu\/wp-content\/plugins\/wpforms-lite\/assets\/images\/submit-spin.svg\" class=\"wpforms-submit-spinner\" style=\"display: none;\" width=\"26\" height=\"26\" alt=\"Loading\"><\/div><input type=\"hidden\" name=\"trp-form-language\" value=\"en\"\/><\/form><\/div>  <!-- .wpforms-container -->        <\/div>\n        \t\t\t\t<\/div>\n\t\t\t\t<\/div>\n\t\t\t\t\t<\/div>\n\t\t<\/div>\n\t\t\t\t\t<\/div>\n\t\t<\/section>\n\t\t\t\t<section class=\"elementor-section elementor-top-section elementor-element elementor-element-2c511ed elementor-section-full_width elementor-section-stretched elementor-section-height-default elementor-section-height-default\" data-id=\"2c511ed\" data-element_type=\"section\" data-settings=\"{&quot;stretch_section&quot;:&quot;section-stretched&quot;}\">\n\t\t\t\t\t\t<div class=\"elementor-container elementor-column-gap-no\">\n\t\t\t\t\t<div class=\"elementor-column elementor-col-100 elementor-top-column elementor-element elementor-element-cd30128\" data-id=\"cd30128\" data-element_type=\"column\">\n\t\t\t<div class=\"elementor-widget-wrap elementor-element-populated\">\n\t\t\t\t\t\t<div class=\"elementor-element elementor-element-b4ff43b elementor-widget elementor-widget-google_maps\" data-id=\"b4ff43b\" data-element_type=\"widget\" data-widget_type=\"google_maps.default\">\n\t\t\t\t<div class=\"elementor-widget-container\">\n\t\t\t\t\t\t\t<div class=\"elementor-custom-embed\">\n\t\t\t<iframe loading=\"lazy\"\n\t\t\t\t\tsrc=\"https:\/\/maps.google.com\/maps?q=bbmedia&#038;t=m&#038;z=14&#038;output=embed&#038;iwloc=near\"\n\t\t\t\t\ttitle=\"bbmedia\"\n\t\t\t\t\taria-label=\"bbmedia\"\n\t\t\t><\/iframe>\n\t\t<\/div>\n\t\t\t\t\t\t<\/div>\n\t\t\t\t<\/div>\n\t\t\t\t\t<\/div>\n\t\t<\/div>\n\t\t\t\t\t<\/div>\n\t\t<\/section>\n\t\t\t\t<\/div>","protected":false},"excerpt":{"rendered":"<p>A siker itt kezd\u0151dik K\u00e9rj\u00fck, haszn\u00e1ld kapcsolati \u0171rlapunkat a v\u00e1llalkoz\u00e1sod r\u00f6vid bemutat\u00e1s\u00e1ra, \u00e9s mondd el miben seg\u00edthet\u00fcnk. Koll\u00e9g\u00e1nk hamarosan felveszi Veled a kapcsolatot. bbmedia s.r.o. 943 01 \u0160t\u00farovo, Szlov\u00e1kia,Sv. \u0160tefana 1\/B Telefon +36 30 298 4800 Email info@bbmedia.hu<\/p>","protected":false},"author":2,"featured_media":0,"parent":0,"menu_order":0,"comment_status":"closed","ping_status":"closed","template":"","meta":{"footnotes":""},"class_list":["post-40","page","type-page","status-publish","hentry"],"yoast_head":"<!-- This site is optimized with the Yoast SEO Premium plugin v26.6 (Yoast SEO v26.6) - https:\/\/yoast.com\/wordpress\/plugins\/seo\/ -->\n<title>Kapcsolat - bbmedia digital studio<\/title>\n<meta name=\"robots\" content=\"index, follow, max-snippet:-1, max-image-preview:large, max-video-preview:-1\" \/>\n<link rel=\"canonical\" href=\"https:\/\/bbmedia.hu\/en\/kapcsolat\/\" \/>\n<meta property=\"og:locale\" content=\"en_US\" \/>\n<meta property=\"og:type\" content=\"article\" \/>\n<meta property=\"og:title\" content=\"Kapcsolat\" \/>\n<meta property=\"og:description\" content=\"A siker itt kezd\u0151dik K\u00e9rj\u00fck, haszn\u00e1ld kapcsolati \u0171rlapunkat a v\u00e1llalkoz\u00e1sod r\u00f6vid bemutat\u00e1s\u00e1ra, \u00e9s mondd el miben seg\u00edthet\u00fcnk. Koll\u00e9g\u00e1nk hamarosan felveszi Veled a kapcsolatot. bbmedia s.r.o. 943 01 \u0160t\u00farovo, Szlov\u00e1kia,Sv. \u0160tefana 1\/B Telefon +36 30 298 4800 Email info@bbmedia.hu\" \/>\n<meta property=\"og:url\" content=\"https:\/\/bbmedia.hu\/en\/kapcsolat\/\" \/>\n<meta property=\"og:site_name\" content=\"bbmedia digital studio\" \/>\n<meta property=\"article:modified_time\" content=\"2025-03-29T12:00:57+00:00\" \/>\n<meta name=\"twitter:card\" content=\"summary_large_image\" \/>\n<meta name=\"twitter:label1\" content=\"Est. reading time\" \/>\n\t<meta name=\"twitter:data1\" content=\"1 minute\" \/>\n<script type=\"application\/ld+json\" class=\"yoast-schema-graph\">{\"@context\":\"https:\/\/schema.org\",\"@graph\":[{\"@type\":\"WebPage\",\"@id\":\"https:\/\/bbmedia.hu\/dk\/kapcsolat\/\",\"url\":\"https:\/\/bbmedia.hu\/dk\/kapcsolat\/\",\"name\":\"Kapcsolat - bbmedia digital studio\",\"isPartOf\":{\"@id\":\"https:\/\/bbmedia.at\/#website\"},\"datePublished\":\"2022-12-15T00:10:44+00:00\",\"dateModified\":\"2025-03-29T12:00:57+00:00\",\"breadcrumb\":{\"@id\":\"https:\/\/bbmedia.hu\/dk\/kapcsolat\/#breadcrumb\"},\"inLanguage\":\"en-US\",\"potentialAction\":[{\"@type\":\"ReadAction\",\"target\":[\"https:\/\/bbmedia.hu\/dk\/kapcsolat\/\"]}]},{\"@type\":\"BreadcrumbList\",\"@id\":\"https:\/\/bbmedia.hu\/dk\/kapcsolat\/#breadcrumb\",\"itemListElement\":[{\"@type\":\"ListItem\",\"position\":1,\"name\":\"Kezd\u0151lap\",\"item\":\"https:\/\/bbmedia.hu\/\"},{\"@type\":\"ListItem\",\"position\":2,\"name\":\"Kapcsolat\"}]},{\"@type\":\"WebSite\",\"@id\":\"https:\/\/bbmedia.at\/#website\",\"url\":\"https:\/\/bbmedia.at\/\",\"name\":\"bbmedia creative agency\",\"description\":\"bbmedia digital studio\",\"publisher\":{\"@id\":\"https:\/\/bbmedia.at\/#organization\"},\"potentialAction\":[{\"@type\":\"SearchAction\",\"target\":{\"@type\":\"EntryPoint\",\"urlTemplate\":\"https:\/\/bbmedia.at\/?s={search_term_string}\"},\"query-input\":{\"@type\":\"PropertyValueSpecification\",\"valueRequired\":true,\"valueName\":\"search_term_string\"}}],\"inLanguage\":\"en-US\"},{\"@type\":\"Organization\",\"@id\":\"https:\/\/bbmedia.at\/#organization\",\"name\":\"bbmedia s.r.o.\",\"url\":\"https:\/\/bbmedia.at\/\",\"logo\":{\"@type\":\"ImageObject\",\"inLanguage\":\"en-US\",\"@id\":\"https:\/\/bbmedia.at\/#\/schema\/logo\/image\/\",\"url\":\"https:\/\/bbmedia.hu\/wp-content\/uploads\/2024\/01\/bbmedia_new_logo_agency.png\",\"contentUrl\":\"https:\/\/bbmedia.hu\/wp-content\/uploads\/2024\/01\/bbmedia_new_logo_agency.png\",\"width\":2955,\"height\":928,\"caption\":\"bbmedia s.r.o.\"},\"image\":{\"@id\":\"https:\/\/bbmedia.at\/#\/schema\/logo\/image\/\"}}]}<\/script>\n<!-- \/ Yoast SEO Premium plugin. -->","yoast_head_json":{"title":"Kapcsolat - bbmedia digital studio","robots":{"index":"index","follow":"follow","max-snippet":"max-snippet:-1","max-image-preview":"max-image-preview:large","max-video-preview":"max-video-preview:-1"},"canonical":"https:\/\/bbmedia.hu\/en\/kapcsolat\/","og_locale":"en_US","og_type":"article","og_title":"Kapcsolat","og_description":"A siker itt kezd\u0151dik K\u00e9rj\u00fck, haszn\u00e1ld kapcsolati \u0171rlapunkat a v\u00e1llalkoz\u00e1sod r\u00f6vid bemutat\u00e1s\u00e1ra, \u00e9s mondd el miben seg\u00edthet\u00fcnk. Koll\u00e9g\u00e1nk hamarosan felveszi Veled a kapcsolatot. bbmedia s.r.o. 943 01 \u0160t\u00farovo, Szlov\u00e1kia,Sv. \u0160tefana 1\/B Telefon +36 30 298 4800 Email info@bbmedia.hu","og_url":"https:\/\/bbmedia.hu\/en\/kapcsolat\/","og_site_name":"bbmedia digital studio","article_modified_time":"2025-03-29T12:00:57+00:00","twitter_card":"summary_large_image","twitter_misc":{"Est. reading time":"1 minute"},"schema":{"@context":"https:\/\/schema.org","@graph":[{"@type":"WebPage","@id":"https:\/\/bbmedia.hu\/dk\/kapcsolat\/","url":"https:\/\/bbmedia.hu\/dk\/kapcsolat\/","name":"Kapcsolat - bbmedia digital studio","isPartOf":{"@id":"https:\/\/bbmedia.at\/#website"},"datePublished":"2022-12-15T00:10:44+00:00","dateModified":"2025-03-29T12:00:57+00:00","breadcrumb":{"@id":"https:\/\/bbmedia.hu\/dk\/kapcsolat\/#breadcrumb"},"inLanguage":"en-US","potentialAction":[{"@type":"ReadAction","target":["https:\/\/bbmedia.hu\/dk\/kapcsolat\/"]}]},{"@type":"BreadcrumbList","@id":"https:\/\/bbmedia.hu\/dk\/kapcsolat\/#breadcrumb","itemListElement":[{"@type":"ListItem","position":1,"name":"Kezd\u0151lap","item":"https:\/\/bbmedia.hu\/"},{"@type":"ListItem","position":2,"name":"Kapcsolat"}]},{"@type":"WebSite","@id":"https:\/\/bbmedia.at\/#website","url":"https:\/\/bbmedia.at\/","name":"bbmedia creative agency","description":"bbmedia digital studio","publisher":{"@id":"https:\/\/bbmedia.at\/#organization"},"potentialAction":[{"@type":"SearchAction","target":{"@type":"EntryPoint","urlTemplate":"https:\/\/bbmedia.at\/?s={search_term_string}"},"query-input":{"@type":"PropertyValueSpecification","valueRequired":true,"valueName":"search_term_string"}}],"inLanguage":"en-US"},{"@type":"Organization","@id":"https:\/\/bbmedia.at\/#organization","name":"bbmedia s.r.o.","url":"https:\/\/bbmedia.at\/","logo":{"@type":"ImageObject","inLanguage":"en-US","@id":"https:\/\/bbmedia.at\/#\/schema\/logo\/image\/","url":"https:\/\/bbmedia.hu\/wp-content\/uploads\/2024\/01\/bbmedia_new_logo_agency.png","contentUrl":"https:\/\/bbmedia.hu\/wp-content\/uploads\/2024\/01\/bbmedia_new_logo_agency.png","width":2955,"height":928,"caption":"bbmedia s.r.o."},"image":{"@id":"https:\/\/bbmedia.at\/#\/schema\/logo\/image\/"}}]}},"_links":{"self":[{"href":"https:\/\/bbmedia.hu\/en\/wp-json\/wp\/v2\/pages\/40","targetHints":{"allow":["GET"]}}],"collection":[{"href":"https:\/\/bbmedia.hu\/en\/wp-json\/wp\/v2\/pages"}],"about":[{"href":"https:\/\/bbmedia.hu\/en\/wp-json\/wp\/v2\/types\/page"}],"author":[{"embeddable":true,"href":"https:\/\/bbmedia.hu\/en\/wp-json\/wp\/v2\/users\/2"}],"replies":[{"embeddable":true,"href":"https:\/\/bbmedia.hu\/en\/wp-json\/wp\/v2\/comments?post=40"}],"version-history":[{"count":24,"href":"https:\/\/bbmedia.hu\/en\/wp-json\/wp\/v2\/pages\/40\/revisions"}],"predecessor-version":[{"id":6897,"href":"https:\/\/bbmedia.hu\/en\/wp-json\/wp\/v2\/pages\/40\/revisions\/6897"}],"wp:attachment":[{"href":"https:\/\/bbmedia.hu\/en\/wp-json\/wp\/v2\/media?parent=40"}],"curies":[{"name":"wp","href":"https:\/\/api.w.org\/{rel}","templated":true}]}}